{"id":1336,"date":"2017-02-14T01:48:38","date_gmt":"2017-02-14T01:48:38","guid":{"rendered":"http:\/\/www.sanjoseautoinjuryclinic.com\/?page_id=1336"},"modified":"2024-12-04T09:46:37","modified_gmt":"2024-12-04T09:46:37","slug":"car-seat-belt-injury","status":"publish","type":"page","link":"https:\/\/www.sjaic.com\/es\/symptoms-and-disorders\/car-seat-belt-injury\/","title":{"rendered":"Lesi\u00f3n por Cintur\u00f3n de Seguridad"},"content":{"rendered":"<p>Another common type of personal injury experienced from a car accident is seatbelt injury. This is hardly surprising really when you think what happens in a car accident. Whether some car has rear ended your car or anther car has rammed into the side of your car you will be jerked forward or sideways.<\/p>\n\n\n\n<p>This thrust will have an effect on your body even if you are wearing a seatbelt.<\/p>\n\n\n\n<p>Obviamente, el uso del cintur\u00f3n de seguridad es obligatorio y con raz\u00f3n. Se han realizado varios estudios sobre la seguridad de los pasajeros, y las pruebas han mostrado que si llevas puesto el cintur\u00f3n de seguridad, es menos probable que resultes gravemente herido que si no lo usas. Sin embargo, a\u00fan puedes sufrir da\u00f1os por el cintur\u00f3n de seguridad y, en algunos casos, estos pueden ser bastante graves.<\/p>\n\n\n\n<p>Although lifesaving, the seatbelt causes misaligned ribs and vertabrae which in turn pinch and pull the nerves which are connected to these affected areas. The result is pain. Why go untreated after an automobile accident? Pain does not have to become a way of life after an accident. If you\u2019re involved in an accident, whether it occurs on the job or on the road, contact our office for a complete post accident examination. It could save you from having to say, \u201c\u2026.it\u2019s never been the same after the accident.\u201d<\/p>\n\n\n\n<p><strong>Contact a San Jose Arm and Leg Pain Relief Chiropractor today at 408.295.5559 or <a href=\"\/contact-us\">EMAIL US NOW<\/a><\/strong><\/p>\n\n\n\n<p><\/p>","protected":false},"excerpt":{"rendered":"<p>Another common type of personal injury experienced from a car accident is seatbelt injury. This is hardly surprising really when you think what happens in a car accident. Whether some car has rear ended your car or anther car has rammed into the side of your car you will be jerked forward or sideways. This [&hellip;]<\/p>\n","protected":false},"author":1,"featured_media":0,"parent":1333,"menu_order":0,"comment_status":"closed","ping_status":"closed","template":"","meta":{"footnotes":""},"class_list":["post-1336","page","type-page","status-publish","hentry"],"_links":{"self":[{"href":"https:\/\/www.sjaic.com\/es\/wp-json\/wp\/v2\/pages\/1336","targetHints":{"allow":["GET"]}}],"collection":[{"href":"https:\/\/www.sjaic.com\/es\/wp-json\/wp\/v2\/pages"}],"about":[{"href":"https:\/\/www.sjaic.com\/es\/wp-json\/wp\/v2\/types\/page"}],"author":[{"embeddable":true,"href":"https:\/\/www.sjaic.com\/es\/wp-json\/wp\/v2\/users\/1"}],"replies":[{"embeddable":true,"href":"https:\/\/www.sjaic.com\/es\/wp-json\/wp\/v2\/comments?post=1336"}],"version-history":[{"count":2,"href":"https:\/\/www.sjaic.com\/es\/wp-json\/wp\/v2\/pages\/1336\/revisions"}],"predecessor-version":[{"id":4624,"href":"https:\/\/www.sjaic.com\/es\/wp-json\/wp\/v2\/pages\/1336\/revisions\/4624"}],"up":[{"embeddable":true,"href":"https:\/\/www.sjaic.com\/es\/wp-json\/wp\/v2\/pages\/1333"}],"wp:attachment":[{"href":"https:\/\/www.sjaic.com\/es\/wp-json\/wp\/v2\/media?parent=1336"}],"curies":[{"name":"wp","href":"https:\/\/api.w.org\/{rel}","templated":true}]}}