{"id":1357,"date":"2017-02-14T02:12:34","date_gmt":"2017-02-14T02:12:34","guid":{"rendered":"http:\/\/www.sanjoseautoinjuryclinic.com\/?page_id=1357"},"modified":"2024-12-16T05:17:31","modified_gmt":"2024-12-16T05:17:31","slug":"sprains-and-strains","status":"publish","type":"page","link":"https:\/\/www.sjaic.com\/es\/symptoms-and-disorders\/sprains-and-strains\/","title":{"rendered":"Esguinces y Distensiones"},"content":{"rendered":"<p>The body is meant to move. Muscles allow that movement to happen by\u00a0 contracting and making joints flex, extend and rotate. Muscles attach on\u00a0 each side of the joint to bone by thick bands of fibrous tissue called\u00a0 tendons. When a muscle contracts, it shortens and pulls on the tendon,\u00a0 which allows the joint to go through a range of motion.<\/p>\n<p>Una distensi\u00f3n ocurre cuando la unidad m\u00fasculo-tend\u00f3n se estira o se desgarra. La raz\u00f3n m\u00e1s com\u00fan es el uso excesivo y el estiramiento del m\u00fasculo. El da\u00f1o puede ocurrir en tres \u00e1reas:<\/p>\n<ul>\n<li>El m\u00fasculo en s\u00ed mismo puede desgarrarse.<\/li>\n<li>El \u00e1rea donde el m\u00fasculo y el tend\u00f3n se fusionan puede desgarrarse.<\/li>\n<li>El tend\u00f3n puede desgarrarse parcial o completamente (ruptura).<\/li>\n<\/ul>\n<p>Joints are stabilized by thick bands of tissue called ligaments which surround them. These ligaments allow the joint to move only in specific directions. Some joints move in multiple planes; therefore, they need more than one group of ligaments to hold the joint in proper alignment. The ligaments are anchored to bone on each side of the joint. If a ligament is stretched or torn, the injury is called a sprain.<\/p>\n<p><strong>Contact a San Jose Strain &amp; Sprain Relief Chiropractor today at 408.295.5559 or <a href=\"\/contact-us\">EMAIL US NOW<\/a><\/strong><\/p>","protected":false},"excerpt":{"rendered":"<p>The body is meant to move. Muscles allow that movement to happen by\u00a0 contracting and making joints flex, extend and rotate. Muscles attach on\u00a0 each side of the joint to bone by thick bands of fibrous tissue called\u00a0 tendons. When a muscle contracts, it shortens and pulls on the tendon,\u00a0 which allows the joint to [&hellip;]<\/p>\n","protected":false},"author":1,"featured_media":0,"parent":1333,"menu_order":0,"comment_status":"closed","ping_status":"closed","template":"","meta":{"footnotes":""},"class_list":["post-1357","page","type-page","status-publish","hentry"],"_links":{"self":[{"href":"https:\/\/www.sjaic.com\/es\/wp-json\/wp\/v2\/pages\/1357","targetHints":{"allow":["GET"]}}],"collection":[{"href":"https:\/\/www.sjaic.com\/es\/wp-json\/wp\/v2\/pages"}],"about":[{"href":"https:\/\/www.sjaic.com\/es\/wp-json\/wp\/v2\/types\/page"}],"author":[{"embeddable":true,"href":"https:\/\/www.sjaic.com\/es\/wp-json\/wp\/v2\/users\/1"}],"replies":[{"embeddable":true,"href":"https:\/\/www.sjaic.com\/es\/wp-json\/wp\/v2\/comments?post=1357"}],"version-history":[{"count":1,"href":"https:\/\/www.sjaic.com\/es\/wp-json\/wp\/v2\/pages\/1357\/revisions"}],"predecessor-version":[{"id":5992,"href":"https:\/\/www.sjaic.com\/es\/wp-json\/wp\/v2\/pages\/1357\/revisions\/5992"}],"up":[{"embeddable":true,"href":"https:\/\/www.sjaic.com\/es\/wp-json\/wp\/v2\/pages\/1333"}],"wp:attachment":[{"href":"https:\/\/www.sjaic.com\/es\/wp-json\/wp\/v2\/media?parent=1357"}],"curies":[{"name":"wp","href":"https:\/\/api.w.org\/{rel}","templated":true}]}}